{"id":27,"date":"2017-10-05T20:48:51","date_gmt":"2017-10-05T18:48:51","guid":{"rendered":"http:\/\/themes.pixelwars.org\/nfolio-test\/?page_id=27"},"modified":"2023-03-10T10:11:42","modified_gmt":"2023-03-10T09:11:42","slug":"about-me","status":"publish","type":"page","link":"https:\/\/cv.aminoulaouali.com\/index.php\/about-me\/","title":{"rendered":"\u00c0 PROPOS"},"content":{"rendered":"\t\t<div data-elementor-type=\"wp-page\" data-elementor-id=\"27\" class=\"elementor elementor-27\">\n\t\t\t\t\t\t\t\t\t<section class=\"elementor-section elementor-top-section elementor-element elementor-element-2e9e46bb elementor-section-boxed elementor-section-height-default elementor-section-height-default\" data-id=\"2e9e46bb\" data-element_type=\"section\">\n\t\t\t\t\t\t<div class=\"elementor-container elementor-column-gap-default\">\n\t\t\t\t\t<div class=\"elementor-column elementor-col-100 elementor-top-column elementor-element elementor-element-caf70e\" data-id=\"caf70e\" data-element_type=\"column\">\n\t\t\t<div class=\"elementor-widget-wrap elementor-element-populated\">\n\t\t\t\t\t\t\t\t<div class=\"elementor-element elementor-element-544045dc elementor-widget elementor-widget-wp-widget-pixelwars_core_widget__section_title\" data-id=\"544045dc\" data-element_type=\"widget\" data-widget_type=\"wp-widget-pixelwars_core_widget__section_title.default\">\n\t\t\t\t<div class=\"elementor-widget-container\">\n\t\t\t\t\t\t\t\t\t<div class=\"section-title center\">    \n\t\t\t\t\t\t\t<h2>\n\t\t\t\t\t\t\t\t<i>Mes Services<\/i>\n\t\t\t\t\t\t\t<\/h2>\n\t\t\t\t\t\t<\/div> <!-- .section-title -->\n\t\t\t\t\t\t\t<\/div>\n\t\t\t\t<\/div>\n\t\t\t\t\t<\/div>\n\t\t<\/div>\n\t\t\t\t\t\t\t<\/div>\n\t\t<\/section>\n\t\t\t\t<section class=\"elementor-section elementor-top-section elementor-element elementor-element-2a4543ae elementor-section-boxed elementor-section-height-default elementor-section-height-default\" data-id=\"2a4543ae\" data-element_type=\"section\">\n\t\t\t\t\t\t<div class=\"elementor-container elementor-column-gap-extended\">\n\t\t\t\t\t<div class=\"elementor-column elementor-col-50 elementor-top-column elementor-element elementor-element-43d4532d\" data-id=\"43d4532d\" data-element_type=\"column\">\n\t\t\t<div class=\"elementor-widget-wrap elementor-element-populated\">\n\t\t\t\t\t\t\t\t<div class=\"elementor-element elementor-element-2190f555 elementor-widget elementor-widget-wp-widget-pixelwars_core_widget__service\" data-id=\"2190f555\" data-element_type=\"widget\" data-widget_type=\"wp-widget-pixelwars_core_widget__service.default\">\n\t\t\t\t<div class=\"elementor-widget-container\">\n\t\t\t\t\t\t\t\t\t<div class=\"service\">\n\t\t\t\t\t\t\t\t\t\t\t\t\t\t\t\t\t<img decoding=\"async\" alt=\"COPYWRITING\" src=\"https:\/\/cv.aminoulaouali.com\/wp-content\/uploads\/2017\/10\/pencil_tip.svg\">\n\t\t\t\t\t\t\t\t\t\t\t\t\t\t\t\t\t\t\t\t\t\t\t\t\t\t<h4>COPYWRITING<\/h4>\n\t\t\t\t\t\t\t\t\t\t\t\t\t\t\t\t\t\t\t\t\t\t\t\t\t\t<p>Je vous aide \u00e0 clarifier votre message dans sans monde bruyant. Avec mon approche minimaliste, vous pourriez dire beaucoup avec peu de mots.<\/p>\n\t\t\t\t\t\t\t\t\t\t\t\t\t\t\t<\/div> <!-- .service -->\n\t\t\t\t\t\t\t<\/div>\n\t\t\t\t<\/div>\n\t\t\t\t<div class=\"elementor-element elementor-element-44b88175 elementor-widget elementor-widget-wp-widget-pixelwars_core_widget__service\" data-id=\"44b88175\" data-element_type=\"widget\" data-widget_type=\"wp-widget-pixelwars_core_widget__service.default\">\n\t\t\t\t<div class=\"elementor-widget-container\">\n\t\t\t\t\t\t\t\t\t<div class=\"service\">\n\t\t\t\t\t\t\t\t\t\t\t\t\t\t\t\t\t<img decoding=\"async\" alt=\"CR\u00c9ATION DE CONTENU\" src=\"https:\/\/cv.aminoulaouali.com\/wp-content\/uploads\/2017\/10\/lightbulb_idea.svg\">\n\t\t\t\t\t\t\t\t\t\t\t\t\t\t\t\t\t\t\t\t\t\t\t\t\t\t<h4>CR\u00c9ATION DE CONTENU<\/h4>\n\t\t\t\t\t\t\t\t\t\t\t\t\t\t\t\t\t\t\t\t\t\t\t\t\t\t<p>Vous ne savez pas quoi poster pour votre communaut\u00e9 ? Laissez-moi faire !\r\nGr\u00e2ce \u00e0 mon exp\u00e9rience, je pourrais vous g\u00e9n\u00e9rer jusqu'\u00e0 30 id\u00e9es de contenu sur 30 Jours rapidement, pendant que vous serez entrain de vous reposer. De la publication superbe \u00e0 la vid\u00e9o captivante.<\/p>\n\t\t\t\t\t\t\t\t\t\t\t\t\t\t\t<\/div> <!-- .service -->\n\t\t\t\t\t\t\t<\/div>\n\t\t\t\t<\/div>\n\t\t\t\t\t<\/div>\n\t\t<\/div>\n\t\t\t\t<div class=\"elementor-column elementor-col-50 elementor-top-column elementor-element elementor-element-5d7039df\" data-id=\"5d7039df\" data-element_type=\"column\">\n\t\t\t<div class=\"elementor-widget-wrap elementor-element-populated\">\n\t\t\t\t\t\t\t\t<div class=\"elementor-element elementor-element-7a04dcf4 elementor-widget elementor-widget-wp-widget-pixelwars_core_widget__service\" data-id=\"7a04dcf4\" data-element_type=\"widget\" data-widget_type=\"wp-widget-pixelwars_core_widget__service.default\">\n\t\t\t\t<div class=\"elementor-widget-container\">\n\t\t\t\t\t\t\t\t\t<div class=\"service\">\n\t\t\t\t\t\t\t\t\t\t\t\t\t\t\t\t\t<img decoding=\"async\" alt=\"DEVELLOPEMENT \/ DATA SCIENCE\" src=\"https:\/\/cv.aminoulaouali.com\/wp-content\/uploads\/2017\/10\/laptop.svg\">\n\t\t\t\t\t\t\t\t\t\t\t\t\t\t\t\t\t\t\t\t\t\t\t\t\t\t<h4>DEVELLOPEMENT \/ DATA SCIENCE<\/h4>\n\t\t\t\t\t\t\t\t\t\t\t\t\t\t\t\t\t\t\t\t\t\t\t\t\t\t<p>Prendre de meilleures d\u00e9cisions est la chose qui vous aidera sans doute \u00e0 atteindre vos objectifs d'entreprise. Gr\u00e2ce \u00e0 la manipulation de vos donn\u00e9es, je vous relaterais comment am\u00e9liorer le chiffre d'affaire de votre entreprise.<\/p>\n\t\t\t\t\t\t\t\t\t\t\t\t\t\t\t<\/div> <!-- .service -->\n\t\t\t\t\t\t\t<\/div>\n\t\t\t\t<\/div>\n\t\t\t\t<div class=\"elementor-element elementor-element-7a91331e elementor-widget elementor-widget-wp-widget-pixelwars_core_widget__service\" data-id=\"7a91331e\" data-element_type=\"widget\" data-widget_type=\"wp-widget-pixelwars_core_widget__service.default\">\n\t\t\t\t<div class=\"elementor-widget-container\">\n\t\t\t\t\t\t\t\t\t<div class=\"service\">\n\t\t\t\t\t\t\t\t\t\t\t\t\t\t\t\t\t<img decoding=\"async\" alt=\"R\u00c9SOLVER DES PROBL\u00c8MES\" src=\"https:\/\/cv.aminoulaouali.com\/wp-content\/uploads\/2023\/03\/problem-solver-150x150.png\">\n\t\t\t\t\t\t\t\t\t\t\t\t\t\t\t\t\t\t\t\t\t\t\t\t\t\t<h4>R\u00c9SOLVER DES PROBL\u00c8MES<\/h4>\n\t\t\t\t\t\t\t\t\t\t\t\t\t\t\t\t\t\t\t\t\t\t\t\t\t\t<p>Gr\u00e2ce \u00e0 mon approche analytique, je suis convaincu que je peux vous aider \u00e0 surmonter tout probl\u00e8me que vous rencontrez.<\/p>\n\t\t\t\t\t\t\t\t\t\t\t\t\t\t\t<\/div> <!-- .service -->\n\t\t\t\t\t\t\t<\/div>\n\t\t\t\t<\/div>\n\t\t\t\t\t<\/div>\n\t\t<\/div>\n\t\t\t\t\t\t\t<\/div>\n\t\t<\/section>\n\t\t\t\t<section class=\"elementor-section elementor-top-section elementor-element elementor-element-75da5cf5 elementor-section-boxed elementor-section-height-default elementor-section-height-default\" data-id=\"75da5cf5\" data-element_type=\"section\">\n\t\t\t\t\t\t<div class=\"elementor-container elementor-column-gap-default\">\n\t\t\t\t\t<div class=\"elementor-column elementor-col-100 elementor-top-column elementor-element elementor-element-6c121115\" data-id=\"6c121115\" data-element_type=\"column\">\n\t\t\t<div class=\"elementor-widget-wrap elementor-element-populated\">\n\t\t\t\t\t\t\t\t<div class=\"elementor-element elementor-element-6185d0af elementor-widget elementor-widget-wp-widget-pixelwars_core_widget__section_title\" data-id=\"6185d0af\" data-element_type=\"widget\" data-widget_type=\"wp-widget-pixelwars_core_widget__section_title.default\">\n\t\t\t\t<div class=\"elementor-widget-container\">\n\t\t\t\t\t\t\t\t\t<div class=\"section-title center\">    \n\t\t\t\t\t\t\t<h2>\n\t\t\t\t\t\t\t\t<i>PROCESSUS DE TRAVAIL<\/i>\n\t\t\t\t\t\t\t<\/h2>\n\t\t\t\t\t\t<\/div> <!-- .section-title -->\n\t\t\t\t\t\t\t<\/div>\n\t\t\t\t<\/div>\n\t\t\t\t\t<\/div>\n\t\t<\/div>\n\t\t\t\t\t\t\t<\/div>\n\t\t<\/section>\n\t\t\t\t<section class=\"elementor-section elementor-top-section elementor-element elementor-element-7d8f59b0 elementor-section-boxed elementor-section-height-default elementor-section-height-default\" data-id=\"7d8f59b0\" data-element_type=\"section\">\n\t\t\t\t\t\t<div class=\"elementor-container elementor-column-gap-default\">\n\t\t\t\t\t<div class=\"elementor-column elementor-col-16 elementor-top-column elementor-element elementor-element-104cd64f\" data-id=\"104cd64f\" data-element_type=\"column\">\n\t\t\t<div class=\"elementor-widget-wrap elementor-element-populated\">\n\t\t\t\t\t\t\t\t<div class=\"elementor-element elementor-element-1a62e465 elementor-widget elementor-widget-wp-widget-pixelwars_core_widget__process\" data-id=\"1a62e465\" data-element_type=\"widget\" data-widget_type=\"wp-widget-pixelwars_core_widget__process.default\">\n\t\t\t\t<div class=\"elementor-widget-container\">\n\t\t\t\t\t\t\t\t\t<div class=\"process\">\n\t\t\t\t\t\t\t\t\t\t\t\t\t\t\t\t\t<img decoding=\"async\" alt=\"Discussions\" src=\"https:\/\/cv.aminoulaouali.com\/wp-content\/uploads\/2017\/10\/process-01.svg\">\n\t\t\t\t\t\t\t\t\t\t\t\t\t\t\t\t\t\t\t\t\t\t\t\t\t\t<h4>Discussions<\/h4>\n\t\t\t\t\t\t\t\t\t\t\t\t\t\t\t<\/div> <!-- .process -->\n\t\t\t\t\t\t\t<\/div>\n\t\t\t\t<\/div>\n\t\t\t\t\t<\/div>\n\t\t<\/div>\n\t\t\t\t<div class=\"elementor-column elementor-col-16 elementor-top-column elementor-element elementor-element-4b62c50b\" data-id=\"4b62c50b\" data-element_type=\"column\">\n\t\t\t<div class=\"elementor-widget-wrap elementor-element-populated\">\n\t\t\t\t\t\t\t\t<div class=\"elementor-element elementor-element-16faeee4 elementor-widget elementor-widget-wp-widget-pixelwars_core_widget__process\" data-id=\"16faeee4\" data-element_type=\"widget\" data-widget_type=\"wp-widget-pixelwars_core_widget__process.default\">\n\t\t\t\t<div class=\"elementor-widget-container\">\n\t\t\t\t\t\t\t\t\t<div class=\"process\">\n\t\t\t\t\t\t\t\t\t\t\t\t\t\t\t\t\t<img decoding=\"async\" alt=\"Id\u00e9e\" src=\"https:\/\/cv.aminoulaouali.com\/wp-content\/uploads\/2017\/10\/process-02.svg\">\n\t\t\t\t\t\t\t\t\t\t\t\t\t\t\t\t\t\t\t\t\t\t\t\t\t\t<h4>Id\u00e9e<\/h4>\n\t\t\t\t\t\t\t\t\t\t\t\t\t\t\t<\/div> <!-- .process -->\n\t\t\t\t\t\t\t<\/div>\n\t\t\t\t<\/div>\n\t\t\t\t\t<\/div>\n\t\t<\/div>\n\t\t\t\t<div class=\"elementor-column elementor-col-16 elementor-top-column elementor-element elementor-element-1c582052\" data-id=\"1c582052\" data-element_type=\"column\">\n\t\t\t<div class=\"elementor-widget-wrap elementor-element-populated\">\n\t\t\t\t\t\t\t\t<div class=\"elementor-element elementor-element-37e1844d elementor-widget elementor-widget-wp-widget-pixelwars_core_widget__process\" data-id=\"37e1844d\" data-element_type=\"widget\" data-widget_type=\"wp-widget-pixelwars_core_widget__process.default\">\n\t\t\t\t<div class=\"elementor-widget-container\">\n\t\t\t\t\t\t\t\t\t<div class=\"process\">\n\t\t\t\t\t\t\t\t\t\t\t\t\t\t\t\t\t<img decoding=\"async\" alt=\"Peaufinage\" src=\"https:\/\/cv.aminoulaouali.com\/wp-content\/uploads\/2017\/10\/process-03.svg\">\n\t\t\t\t\t\t\t\t\t\t\t\t\t\t\t\t\t\t\t\t\t\t\t\t\t\t<h4>Peaufinage<\/h4>\n\t\t\t\t\t\t\t\t\t\t\t\t\t\t\t<\/div> <!-- .process -->\n\t\t\t\t\t\t\t<\/div>\n\t\t\t\t<\/div>\n\t\t\t\t\t<\/div>\n\t\t<\/div>\n\t\t\t\t<div class=\"elementor-column elementor-col-16 elementor-top-column elementor-element elementor-element-587f2ded\" data-id=\"587f2ded\" data-element_type=\"column\">\n\t\t\t<div class=\"elementor-widget-wrap elementor-element-populated\">\n\t\t\t\t\t\t\t\t<div class=\"elementor-element elementor-element-508671ff elementor-widget elementor-widget-wp-widget-pixelwars_core_widget__process\" data-id=\"508671ff\" data-element_type=\"widget\" data-widget_type=\"wp-widget-pixelwars_core_widget__process.default\">\n\t\t\t\t<div class=\"elementor-widget-container\">\n\t\t\t\t\t\t\t\t\t<div class=\"process\">\n\t\t\t\t\t\t\t\t\t\t\t\t\t\t\t\t\t<img decoding=\"async\" alt=\"G\u00e9neration\" src=\"https:\/\/cv.aminoulaouali.com\/wp-content\/uploads\/2017\/11\/process-04.svg\">\n\t\t\t\t\t\t\t\t\t\t\t\t\t\t\t\t\t\t\t\t\t\t\t\t\t\t<h4>G\u00e9neration<\/h4>\n\t\t\t\t\t\t\t\t\t\t\t\t\t\t\t<\/div> <!-- .process -->\n\t\t\t\t\t\t\t<\/div>\n\t\t\t\t<\/div>\n\t\t\t\t\t<\/div>\n\t\t<\/div>\n\t\t\t\t<div class=\"elementor-column elementor-col-16 elementor-top-column elementor-element elementor-element-62362048\" data-id=\"62362048\" data-element_type=\"column\">\n\t\t\t<div class=\"elementor-widget-wrap elementor-element-populated\">\n\t\t\t\t\t\t\t\t<div class=\"elementor-element elementor-element-209daabf elementor-widget elementor-widget-wp-widget-pixelwars_core_widget__process\" data-id=\"209daabf\" data-element_type=\"widget\" data-widget_type=\"wp-widget-pixelwars_core_widget__process.default\">\n\t\t\t\t<div class=\"elementor-widget-container\">\n\t\t\t\t\t\t\t\t\t<div class=\"process\">\n\t\t\t\t\t\t\t\t\t\t\t\t\t\t\t\t\t<img decoding=\"async\" alt=\"Test\" src=\"https:\/\/cv.aminoulaouali.com\/wp-content\/uploads\/2017\/11\/process-05.svg\">\n\t\t\t\t\t\t\t\t\t\t\t\t\t\t\t\t\t\t\t\t\t\t\t\t\t\t<h4>Test<\/h4>\n\t\t\t\t\t\t\t\t\t\t\t\t\t\t\t<\/div> <!-- .process -->\n\t\t\t\t\t\t\t<\/div>\n\t\t\t\t<\/div>\n\t\t\t\t\t<\/div>\n\t\t<\/div>\n\t\t\t\t<div class=\"elementor-column elementor-col-16 elementor-top-column elementor-element elementor-element-5ce40370\" data-id=\"5ce40370\" data-element_type=\"column\">\n\t\t\t<div class=\"elementor-widget-wrap elementor-element-populated\">\n\t\t\t\t\t\t\t\t<div class=\"elementor-element elementor-element-29a7df37 elementor-widget elementor-widget-wp-widget-pixelwars_core_widget__process\" data-id=\"29a7df37\" data-element_type=\"widget\" data-widget_type=\"wp-widget-pixelwars_core_widget__process.default\">\n\t\t\t\t<div class=\"elementor-widget-container\">\n\t\t\t\t\t\t\t\t\t<div class=\"process\">\n\t\t\t\t\t\t\t\t\t\t\t\t\t\t\t\t\t<img decoding=\"async\" alt=\"D\u00e9ploiement\" src=\"https:\/\/cv.aminoulaouali.com\/wp-content\/uploads\/2017\/11\/process-06.svg\">\n\t\t\t\t\t\t\t\t\t\t\t\t\t\t\t\t\t\t\t\t\t\t\t\t\t\t<h4>D\u00e9ploiement<\/h4>\n\t\t\t\t\t\t\t\t\t\t\t\t\t\t\t<\/div> <!-- .process -->\n\t\t\t\t\t\t\t<\/div>\n\t\t\t\t<\/div>\n\t\t\t\t\t<\/div>\n\t\t<\/div>\n\t\t\t\t\t\t\t<\/div>\n\t\t<\/section>\n\t\t\t\t<section class=\"elementor-section elementor-top-section elementor-element elementor-element-678e9a43 elementor-section-boxed elementor-section-height-default elementor-section-height-default\" data-id=\"678e9a43\" data-element_type=\"section\">\n\t\t\t\t\t\t<div class=\"elementor-container elementor-column-gap-default\">\n\t\t\t\t\t<div class=\"elementor-column elementor-col-100 elementor-top-column elementor-element elementor-element-7faf488b\" data-id=\"7faf488b\" data-element_type=\"column\">\n\t\t\t<div class=\"elementor-widget-wrap elementor-element-populated\">\n\t\t\t\t\t\t\t\t<div class=\"elementor-element elementor-element-3782b152 elementor-widget elementor-widget-wp-widget-pixelwars_core_widget__section_title\" data-id=\"3782b152\" data-element_type=\"widget\" data-widget_type=\"wp-widget-pixelwars_core_widget__section_title.default\">\n\t\t\t\t<div class=\"elementor-widget-container\">\n\t\t\t\t\t\t\t\t\t<div class=\"section-title center\">    \n\t\t\t\t\t\t\t<h2>\n\t\t\t\t\t\t\t\t<i>Fun FactS<\/i>\n\t\t\t\t\t\t\t<\/h2>\n\t\t\t\t\t\t<\/div> <!-- .section-title -->\n\t\t\t\t\t\t\t<\/div>\n\t\t\t\t<\/div>\n\t\t\t\t\t<\/div>\n\t\t<\/div>\n\t\t\t\t\t\t\t<\/div>\n\t\t<\/section>\n\t\t\t\t<section class=\"elementor-section elementor-top-section elementor-element elementor-element-65adf197 elementor-section-full_width elementor-section-height-default elementor-section-height-default\" data-id=\"65adf197\" data-element_type=\"section\">\n\t\t\t\t\t\t<div class=\"elementor-container elementor-column-gap-default\">\n\t\t\t\t\t<div class=\"elementor-column elementor-col-25 elementor-top-column elementor-element elementor-element-16aa376f\" data-id=\"16aa376f\" data-element_type=\"column\">\n\t\t\t<div class=\"elementor-widget-wrap elementor-element-populated\">\n\t\t\t\t\t\t\t\t<div class=\"elementor-element elementor-element-47cf87a2 elementor-widget elementor-widget-wp-widget-pixelwars_core_widget__fun_fact\" data-id=\"47cf87a2\" data-element_type=\"widget\" data-widget_type=\"wp-widget-pixelwars_core_widget__fun_fact.default\">\n\t\t\t\t<div class=\"elementor-widget-container\">\n\t\t\t\t\t\t\t\t\t<div class=\"fun-fact\">\n\t\t\t\t\t\t\t\t\t\t\t\t\t\t\t\t\t<img decoding=\"async\" alt=\"7 PAYS VISIT\u00c9S\" src=\"https:\/\/cv.aminoulaouali.com\/wp-content\/uploads\/2017\/11\/fun-01.svg\">\n\t\t\t\t\t\t\t\t\t\t\t\t\t\t\t\t\t\t\t\t\t\t\t\t\t\t<h4>7 PAYS VISIT\u00c9S<\/h4>\n\t\t\t\t\t\t\t\t\t\t\t\t\t\t\t<\/div> <!-- .fun-fact -->\n\t\t\t\t\t\t\t<\/div>\n\t\t\t\t<\/div>\n\t\t\t\t<div class=\"elementor-element elementor-element-5bdc020 elementor-widget elementor-widget-wp-widget-pixelwars_core_widget__fun_fact\" data-id=\"5bdc020\" data-element_type=\"widget\" data-widget_type=\"wp-widget-pixelwars_core_widget__fun_fact.default\">\n\t\t\t\t<div class=\"elementor-widget-container\">\n\t\t\t\t\t\t\t\t\t<div class=\"fun-fact\">\n\t\t\t\t\t\t\t\t\t\t\t\t\t\t\t\t\t<img decoding=\"async\" alt=\"150+ LIVRES LUS\" src=\"https:\/\/cv.aminoulaouali.com\/wp-content\/uploads\/2023\/03\/open-book-150x150.png\">\n\t\t\t\t\t\t\t\t\t\t\t\t\t\t\t\t\t\t\t\t\t\t\t\t\t\t<h4>150+ LIVRES LUS<\/h4>\n\t\t\t\t\t\t\t\t\t\t\t\t\t\t\t<\/div> <!-- .fun-fact -->\n\t\t\t\t\t\t\t<\/div>\n\t\t\t\t<\/div>\n\t\t\t\t\t<\/div>\n\t\t<\/div>\n\t\t\t\t<div class=\"elementor-column elementor-col-25 elementor-top-column elementor-element elementor-element-7fb10bef\" data-id=\"7fb10bef\" data-element_type=\"column\">\n\t\t\t<div class=\"elementor-widget-wrap elementor-element-populated\">\n\t\t\t\t\t\t\t\t<div class=\"elementor-element elementor-element-32f15f4f elementor-widget elementor-widget-wp-widget-pixelwars_core_widget__fun_fact\" data-id=\"32f15f4f\" data-element_type=\"widget\" data-widget_type=\"wp-widget-pixelwars_core_widget__fun_fact.default\">\n\t\t\t\t<div class=\"elementor-widget-container\">\n\t\t\t\t\t\t\t\t\t<div class=\"fun-fact\">\n\t\t\t\t\t\t\t\t\t\t\t\t\t\t\t\t\t<img decoding=\"async\" alt=\"200+ POSTS PUBLI\u00c9S\" src=\"https:\/\/cv.aminoulaouali.com\/wp-content\/uploads\/2017\/11\/fun-02.svg\">\n\t\t\t\t\t\t\t\t\t\t\t\t\t\t\t\t\t\t\t\t\t\t\t\t\t\t<h4>200+ POSTS PUBLI\u00c9S<\/h4>\n\t\t\t\t\t\t\t\t\t\t\t\t\t\t\t<\/div> <!-- .fun-fact -->\n\t\t\t\t\t\t\t<\/div>\n\t\t\t\t<\/div>\n\t\t\t\t<div class=\"elementor-element elementor-element-2d8cf43 elementor-widget elementor-widget-wp-widget-pixelwars_core_widget__fun_fact\" data-id=\"2d8cf43\" data-element_type=\"widget\" data-widget_type=\"wp-widget-pixelwars_core_widget__fun_fact.default\">\n\t\t\t\t<div class=\"elementor-widget-container\">\n\t\t\t\t\t\t\t\t\t<div class=\"fun-fact\">\n\t\t\t\t\t\t\t\t\t\t\t\t\t\t\t\t\t<img decoding=\"async\" alt=\"APPRENEUR IMPULSIF\" src=\"https:\/\/cv.aminoulaouali.com\/wp-content\/uploads\/2023\/03\/adaptation-150x150.png\">\n\t\t\t\t\t\t\t\t\t\t\t\t\t\t\t\t\t\t\t\t\t\t\t\t\t\t<h4>APPRENEUR IMPULSIF<\/h4>\n\t\t\t\t\t\t\t\t\t\t\t\t\t\t\t<\/div> <!-- .fun-fact -->\n\t\t\t\t\t\t\t<\/div>\n\t\t\t\t<\/div>\n\t\t\t\t\t<\/div>\n\t\t<\/div>\n\t\t\t\t<div class=\"elementor-column elementor-col-25 elementor-top-column elementor-element elementor-element-377d14e\" data-id=\"377d14e\" data-element_type=\"column\">\n\t\t\t<div class=\"elementor-widget-wrap elementor-element-populated\">\n\t\t\t\t\t\t\t\t<div class=\"elementor-element elementor-element-330257c1 elementor-widget elementor-widget-wp-widget-pixelwars_core_widget__fun_fact\" data-id=\"330257c1\" data-element_type=\"widget\" data-widget_type=\"wp-widget-pixelwars_core_widget__fun_fact.default\">\n\t\t\t\t<div class=\"elementor-widget-container\">\n\t\t\t\t\t\t\t\t\t<div class=\"fun-fact\">\n\t\t\t\t\t\t\t\t\t\t\t\t\t\t\t\t\t<img decoding=\"async\" alt=\"1256 ELO AUX \u00c9CHECS\" src=\"https:\/\/cv.aminoulaouali.com\/wp-content\/uploads\/2023\/03\/chess-150x150.png\">\n\t\t\t\t\t\t\t\t\t\t\t\t\t\t\t\t\t\t\t\t\t\t\t\t\t\t<h4>1256 ELO AUX \u00c9CHECS<\/h4>\n\t\t\t\t\t\t\t\t\t\t\t\t\t\t\t<\/div> <!-- .fun-fact -->\n\t\t\t\t\t\t\t<\/div>\n\t\t\t\t<\/div>\n\t\t\t\t<div class=\"elementor-element elementor-element-f296187 elementor-widget elementor-widget-wp-widget-pixelwars_core_widget__fun_fact\" data-id=\"f296187\" data-element_type=\"widget\" data-widget_type=\"wp-widget-pixelwars_core_widget__fun_fact.default\">\n\t\t\t\t<div class=\"elementor-widget-container\">\n\t\t\t\t\t\t\t\t\t<div class=\"fun-fact\">\n\t\t\t\t\t\t\t\t\t\t\t\t\t\t\t\t\t<img decoding=\"async\" alt=\"JOUEUR DE GUITAR INTERM\u00c9DIAIRE\" src=\"https:\/\/cv.aminoulaouali.com\/wp-content\/uploads\/2023\/03\/guitar-150x150.png\">\n\t\t\t\t\t\t\t\t\t\t\t\t\t\t\t\t\t\t\t\t\t\t\t\t\t\t<h4>JOUEUR DE GUITAR INTERM\u00c9DIAIRE<\/h4>\n\t\t\t\t\t\t\t\t\t\t\t\t\t\t\t<\/div> <!-- .fun-fact -->\n\t\t\t\t\t\t\t<\/div>\n\t\t\t\t<\/div>\n\t\t\t\t\t<\/div>\n\t\t<\/div>\n\t\t\t\t<div class=\"elementor-column elementor-col-25 elementor-top-column elementor-element elementor-element-53a00281\" data-id=\"53a00281\" data-element_type=\"column\">\n\t\t\t<div class=\"elementor-widget-wrap elementor-element-populated\">\n\t\t\t\t\t\t\t\t<div class=\"elementor-element elementor-element-583039dc elementor-widget elementor-widget-wp-widget-pixelwars_core_widget__fun_fact\" data-id=\"583039dc\" data-element_type=\"widget\" data-widget_type=\"wp-widget-pixelwars_core_widget__fun_fact.default\">\n\t\t\t\t<div class=\"elementor-widget-container\">\n\t\t\t\t\t\t\t\t\t<div class=\"fun-fact\">\n\t\t\t\t\t\t\t\t\t\t\t\t\t\t\t\t\t<img decoding=\"async\" alt=\"30+ CERTICATES\" src=\"https:\/\/cv.aminoulaouali.com\/wp-content\/uploads\/2023\/03\/certificate-150x150.png\">\n\t\t\t\t\t\t\t\t\t\t\t\t\t\t\t\t\t\t\t\t\t\t\t\t\t\t<h4>30+ CERTICATES<\/h4>\n\t\t\t\t\t\t\t\t\t\t\t\t\t\t\t<\/div> <!-- .fun-fact -->\n\t\t\t\t\t\t\t<\/div>\n\t\t\t\t<\/div>\n\t\t\t\t<div class=\"elementor-element elementor-element-6ecbd89 elementor-widget elementor-widget-wp-widget-pixelwars_core_widget__fun_fact\" data-id=\"6ecbd89\" data-element_type=\"widget\" data-widget_type=\"wp-widget-pixelwars_core_widget__fun_fact.default\">\n\t\t\t\t<div class=\"elementor-widget-container\">\n\t\t\t\t\t\t\t\t\t<div class=\"fun-fact\">\n\t\t\t\t\t\t\t\t\t\t\t\t\t\t\t\t\t<img decoding=\"async\" alt=\"FOOTBALLER AMATEUR\" src=\"https:\/\/cv.aminoulaouali.com\/wp-content\/uploads\/2023\/03\/football-150x150.png\">\n\t\t\t\t\t\t\t\t\t\t\t\t\t\t\t\t\t\t\t\t\t\t\t\t\t\t<h4>FOOTBALLER AMATEUR<\/h4>\n\t\t\t\t\t\t\t\t\t\t\t\t\t\t\t<\/div> <!-- .fun-fact -->\n\t\t\t\t\t\t\t<\/div>\n\t\t\t\t<\/div>\n\t\t\t\t\t<\/div>\n\t\t<\/div>\n\t\t\t\t\t\t\t<\/div>\n\t\t<\/section>\n\t\t\t\t\t\t\t<\/div>\n\t\t","protected":false},"excerpt":{"rendered":"","protected":false},"author":1,"featured_media":0,"parent":0,"menu_order":0,"comment_status":"closed","ping_status":"closed","template":"","meta":{"inline_featured_image":false},"aioseo_notices":[],"_links":{"self":[{"href":"https:\/\/cv.aminoulaouali.com\/index.php\/wp-json\/wp\/v2\/pages\/27"}],"collection":[{"href":"https:\/\/cv.aminoulaouali.com\/index.php\/wp-json\/wp\/v2\/pages"}],"about":[{"href":"https:\/\/cv.aminoulaouali.com\/index.php\/wp-json\/wp\/v2\/types\/page"}],"author":[{"embeddable":true,"href":"https:\/\/cv.aminoulaouali.com\/index.php\/wp-json\/wp\/v2\/users\/1"}],"replies":[{"embeddable":true,"href":"https:\/\/cv.aminoulaouali.com\/index.php\/wp-json\/wp\/v2\/comments?post=27"}],"version-history":[{"count":7,"href":"https:\/\/cv.aminoulaouali.com\/index.php\/wp-json\/wp\/v2\/pages\/27\/revisions"}],"predecessor-version":[{"id":1190,"href":"https:\/\/cv.aminoulaouali.com\/index.php\/wp-json\/wp\/v2\/pages\/27\/revisions\/1190"}],"wp:attachment":[{"href":"https:\/\/cv.aminoulaouali.com\/index.php\/wp-json\/wp\/v2\/media?parent=27"}],"curies":[{"name":"wp","href":"https:\/\/api.w.org\/{rel}","templated":true}]}}