{"id":25,"date":"2017-10-05T20:48:27","date_gmt":"2017-10-05T18:48:27","guid":{"rendered":"http:\/\/themes.pixelwars.org\/nfolio-test\/?page_id=25"},"modified":"2023-03-22T22:22:35","modified_gmt":"2023-03-22T21:22:35","slug":"resume","status":"publish","type":"page","link":"https:\/\/cv.aminoulaouali.com\/index.php\/resume\/","title":{"rendered":"Resume \/ CV"},"content":{"rendered":"\t\t<div data-elementor-type=\"wp-page\" data-elementor-id=\"25\" class=\"elementor elementor-25\">\n\t\t\t\t\t\t\t\t\t<section class=\"elementor-section elementor-top-section elementor-element elementor-element-2b06b15c elementor-section-boxed elementor-section-height-default elementor-section-height-default\" data-id=\"2b06b15c\" data-element_type=\"section\">\n\t\t\t\t\t\t<div class=\"elementor-container elementor-column-gap-default\">\n\t\t\t\t\t<div class=\"elementor-column elementor-col-50 elementor-top-column elementor-element elementor-element-25c28f26\" data-id=\"25c28f26\" data-element_type=\"column\">\n\t\t\t<div class=\"elementor-widget-wrap elementor-element-populated\">\n\t\t\t\t\t\t\t\t<div class=\"elementor-element elementor-element-6dfdd42c elementor-widget elementor-widget-wp-widget-pixelwars_core_widget__timeline_title\" data-id=\"6dfdd42c\" data-element_type=\"widget\" data-widget_type=\"wp-widget-pixelwars_core_widget__timeline_title.default\">\n\t\t\t\t<div class=\"elementor-widget-container\">\n\t\t\t\t\t\t\t\t\t<div class=\"event\">\n\t\t\t\t\t\t\t<h2>PRO \/ WORK<\/h2>\n\t\t\t\t\t\t\t\t\t\t\t\t\t\t\t\t\t<p>\n\t\t\t\t\t\t\t\t\t\t\t<i class=\"pw-icon-briefcase\"><\/i>\n\t\t\t\t\t\t\t\t\t\t<\/p>\n\t\t\t\t\t\t\t\t\t\t\t\t\t\t\t<\/div> <!-- .event -->\n\t\t\t\t\t\t\t<\/div>\n\t\t\t\t<\/div>\n\t\t\t\t<div class=\"elementor-element elementor-element-67de3b06 elementor-widget elementor-widget-wp-widget-pixelwars_core_widget__timeline_event\" data-id=\"67de3b06\" data-element_type=\"widget\" data-widget_type=\"wp-widget-pixelwars_core_widget__timeline_event.default\">\n\t\t\t\t<div class=\"elementor-widget-container\">\n\t\t\t\t\t\t\t\t\t<div class=\"event\">\n\t\t\t\t\t\t\t\t\t\t\t\t\t\t\t\t\t<h3>Dec 2019 - AUJOURD'HUI<\/h3>\n\t\t\t\t\t\t\t\t\t\t\t\t\t\t\t\t\t\t\t\t\t\t\t\t\t\t<h4>AUTO &#8211; ENTREPRENEUR<\/h4>\n\t\t\t\t\t\t\t\t\t\t\t\t\t\t\t\t\t\t\t\t\t\t\t\t\t\t<h5>SAHARAN MEDIA LTD<\/h5>\n\t\t\t\t\t\t\t\t\t\t\t\t\t\t\t\t\t\t\t\t\t\t\t\t\t\t<p>Parce qu'il est moderne de se pr\u00e9senter sous forme de slogan, j'aime me d\u00e9finir comme un Marketeur Digital Entreprenant.\r\n\r\nC'est pour cette raison que j'ai d\u00e9cid\u00e9 d\u2019aider le maximum d\u2019entreprise sur leurs digitalization \u00e0 travers le freelancing \/ Auto - Entrepreneuriat.\r\n\r\nMon objectif est d'aider les entreprise \u00e0 g\u00e9n\u00e9rer plus de prospects qualifi\u00e9s et les convertir en clients en exploitant tous les leviers strat\u00e9gique du Marketing Digital.\r\n\r\nJe n\u2019ai qu'une seule envie : vous aider \u00e0 trouver votre voix cr\u00e9ative. Je n\u2019ai pour unique but de vous offrir des solutions cr\u00e9atives \u00e0 tous mes clients, pour que leurs projets re\u00e7oivent le succ\u00e8s qu'ils m\u00e9ritent.. <br>\r\n\r\nPour voir plus : saharanmedia.com<\/p>\n\t\t\t\t\t\t\t\t\t\t\t\t\t\t\t<\/div> <!-- .event -->\n\t\t\t\t\t\t\t<\/div>\n\t\t\t\t<\/div>\n\t\t\t\t<div class=\"elementor-element elementor-element-359e61b6 elementor-widget elementor-widget-wp-widget-pixelwars_core_widget__timeline_event\" data-id=\"359e61b6\" data-element_type=\"widget\" data-widget_type=\"wp-widget-pixelwars_core_widget__timeline_event.default\">\n\t\t\t\t<div class=\"elementor-widget-container\">\n\t\t\t\t\t\t\t\t\t<div class=\"event\">\n\t\t\t\t\t\t\t\t\t\t\t\t\t\t\t\t\t<h3>DEC 2017 - ACTUELLEMENT<\/h3>\n\t\t\t\t\t\t\t\t\t\t\t\t\t\t\t\t\t\t\t\t\t\t\t\t\t\t<h4>VICE &#8211; PR\u00c9SIDENT<\/h4>\n\t\t\t\t\t\t\t\t\t\t\t\t\t\t\t\t\t\t\t\t\t\t\t\t\t\t<h5>KARATOU POST-BAC<\/h5>\n\t\t\t\t\t\t\t\t\t\t\t\t\t\t\t\t\t\t\t\t\t\t\t\t\t\t<p>Depuis 2017, avec mon fr\u00e8re Idriss Laouali ( Fondateur de KPB), nous aidons les jeunes africains \u00e0 choisir un meilleur futur \u00e9ducatif pour eux gr\u00e2ce \u00e0 une orientation post-bac sur m\u00e9sure. C'est d'ailleurs dans ce sens que Karatou Post-Bac a \u00e9t\u00e9 reconnue parmi les 40 meilleures innovations dans l\u2019\u00e9ducation en Afrique, par l\u2019Union Africaine et pr\u00e9sent\u00e9e au S\u00e9n\u00e9gal en 2018 et au Botswana en 2019.\r\nAujourd'hui,  nous avons 20.000 \u00e9l\u00e8ves\/\u00e9tudiants accompagn\u00e9s dans leurs r\u00e9ussite acad\u00e9mique. <br>\r\n\r\nPour voir plus : karatoupostbac.com<\/p>\n\t\t\t\t\t\t\t\t\t\t\t\t\t\t\t<\/div> <!-- .event -->\n\t\t\t\t\t\t\t<\/div>\n\t\t\t\t<\/div>\n\t\t\t\t<div class=\"elementor-element elementor-element-e41575e elementor-widget elementor-widget-wp-widget-pixelwars_core_widget__timeline_title\" data-id=\"e41575e\" data-element_type=\"widget\" data-widget_type=\"wp-widget-pixelwars_core_widget__timeline_title.default\">\n\t\t\t\t<div class=\"elementor-widget-container\">\n\t\t\t\t\t\t\t\t\t<div class=\"event\">\n\t\t\t\t\t\t\t<h2>Education<\/h2>\n\t\t\t\t\t\t\t\t\t\t\t\t\t\t\t\t\t<p>\n\t\t\t\t\t\t\t\t\t\t\t<i class=\"pw-icon-education\"><\/i>\n\t\t\t\t\t\t\t\t\t\t<\/p>\n\t\t\t\t\t\t\t\t\t\t\t\t\t\t\t<\/div> <!-- .event -->\n\t\t\t\t\t\t\t<\/div>\n\t\t\t\t<\/div>\n\t\t\t\t<div class=\"elementor-element elementor-element-2a78ee85 elementor-widget elementor-widget-wp-widget-pixelwars_core_widget__timeline_event\" data-id=\"2a78ee85\" data-element_type=\"widget\" data-widget_type=\"wp-widget-pixelwars_core_widget__timeline_event.default\">\n\t\t\t\t<div class=\"elementor-widget-container\">\n\t\t\t\t\t\t\t\t\t<div class=\"event\">\n\t\t\t\t\t\t\t\t\t\t\t\t\t\t\t\t\t<h3>Sept 2018 - Actuellement<\/h3>\n\t\t\t\t\t\t\t\t\t\t\t\t\t\t\t\t\t\t\t\t\t\t\t\t\t\t<h4>Ing\u00e9nierie en Data Science<\/h4>\n\t\t\t\t\t\t\t\t\t\t\t\t\t\t\t\t\t\t\t\t\t\t\t\t\t\t<h5>Sup MTI Rabat<\/h5>\n\t\t\t\t\t\t\t\t\t\t\t\t\t\t\t\t\t\t\t\t\t\t\t\t\t\t<p>Je suis actuellement en derni\u00e8re ann\u00e9e de cycle ing\u00e9nieur en Data Science \u00e0 l'\u00c9cole Sup\u00e9rieur de Management, de T\u00e9l\u00e9communication et d'Informatique \u00e0 Rabat.<\/p>\n\t\t\t\t\t\t\t\t\t\t\t\t\t\t\t<\/div> <!-- .event -->\n\t\t\t\t\t\t\t<\/div>\n\t\t\t\t<\/div>\n\t\t\t\t<div class=\"elementor-element elementor-element-37b19ff5 elementor-widget elementor-widget-wp-widget-pixelwars_core_widget__timeline_event\" data-id=\"37b19ff5\" data-element_type=\"widget\" data-widget_type=\"wp-widget-pixelwars_core_widget__timeline_event.default\">\n\t\t\t\t<div class=\"elementor-widget-container\">\n\t\t\t\t\t\t\t\t\t<div class=\"event\">\n\t\t\t\t\t\t\t\t\t\t\t\t\t\t\t\t\t<h3>Ao\u00f9t 2018<\/h3>\n\t\t\t\t\t\t\t\t\t\t\t\t\t\t\t\t\t\t\t\t\t\t\t\t\t\t<h4>Baccalaur\u00e9at Scientifique<\/h4>\n\t\t\t\t\t\t\t\t\t\t\t\t\t\t\t\t\t\t\t\t\t\t\t\t\t\t<h5>CSP L'int\u00e9gral du savoir<\/h5>\n\t\t\t\t\t\t\t\t\t\t\t\t\t\t\t\t\t\t\t\t\t\t\t\t\t\t<p>J'ai fais mon lyc\u00e9e \u00e0 Niamey - Niger au CSP L'Int\u00e9gral du Savoir o\u00f9 j'ai d\u00e9crocher mon baccalaur\u00e9at scientifique avec la Mention Assez Bien.<\/p>\n\t\t\t\t\t\t\t\t\t\t\t\t\t\t\t<\/div> <!-- .event -->\n\t\t\t\t\t\t\t<\/div>\n\t\t\t\t<\/div>\n\t\t\t\t<div class=\"elementor-element elementor-element-604cf2d4 elementor-widget elementor-widget-wp-widget-pixelwars_core_widget__button\" data-id=\"604cf2d4\" data-element_type=\"widget\" data-widget_type=\"wp-widget-pixelwars_core_widget__button.default\">\n\t\t\t\t<div class=\"elementor-widget-container\">\n\t\t\t\t\t\t\t\t\t<a class=\"button medium\"  href=\"#\">\n\t\t\t\t\t\t\t\t\t\t\t\t\t\t\t\t\t<i class=\"pw-icon-news\"><\/i>\n\t\t\t\t\t\t\t\t\t\t\t\t\t\t\t\tT\u00e9l\u00e9charger le CV\t\t\t\t\t\t<\/a>\n\t\t\t\t\t\t\t<\/div>\n\t\t\t\t<\/div>\n\t\t\t\t\t<\/div>\n\t\t<\/div>\n\t\t\t\t<div class=\"elementor-column elementor-col-50 elementor-top-column elementor-element elementor-element-10d1a4fd\" data-id=\"10d1a4fd\" data-element_type=\"column\">\n\t\t\t<div class=\"elementor-widget-wrap elementor-element-populated\">\n\t\t\t\t\t\t\t\t<div class=\"elementor-element elementor-element-31644eea elementor-widget elementor-widget-wp-widget-pixelwars_core_widget__section_title\" data-id=\"31644eea\" data-element_type=\"widget\" data-widget_type=\"wp-widget-pixelwars_core_widget__section_title.default\">\n\t\t\t\t<div class=\"elementor-widget-container\">\n\t\t\t\t\t\t\t\t\t<div class=\"section-title center\">    \n\t\t\t\t\t\t\t<h2>\n\t\t\t\t\t\t\t\t<i>Marketing Skills<\/i>\n\t\t\t\t\t\t\t<\/h2>\n\t\t\t\t\t\t<\/div> <!-- .section-title -->\n\t\t\t\t\t\t\t<\/div>\n\t\t\t\t<\/div>\n\t\t\t\t<div class=\"elementor-element elementor-element-1131c04c elementor-widget elementor-widget-wp-widget-pixelwars_core_widget__progress_bar\" data-id=\"1131c04c\" data-element_type=\"widget\" data-widget_type=\"wp-widget-pixelwars_core_widget__progress_bar.default\">\n\t\t\t\t<div class=\"elementor-widget-container\">\n\t\t\t\t\t\t\t\t\t<div class=\"skill-unit\">\n\t\t\t\t\t\t\t\t\t\t\t\t\t\t\t\t\t<h4>SOCIAL MEDIA<\/h4>\n\t\t\t\t\t\t\t\t\t\t\t\t\t\t\t\t\t\t\t\t\t\t\t\t\t\t<div class=\"bar\" data-percent=\"83\">\n\t\t\t\t\t\t\t\t\t\t\t<div class=\"progress\"><\/div> <!-- .progress -->\n\t\t\t\t\t\t\t\t\t\t<\/div> <!-- .bar -->\n\t\t\t\t\t\t\t\t\t\t\t\t\t\t\t<\/div> <!-- .skill-unit -->\n\t\t\t\t\t\t\t<\/div>\n\t\t\t\t<\/div>\n\t\t\t\t<div class=\"elementor-element elementor-element-27eba94f elementor-widget elementor-widget-wp-widget-pixelwars_core_widget__progress_bar\" data-id=\"27eba94f\" data-element_type=\"widget\" data-widget_type=\"wp-widget-pixelwars_core_widget__progress_bar.default\">\n\t\t\t\t<div class=\"elementor-widget-container\">\n\t\t\t\t\t\t\t\t\t<div class=\"skill-unit\">\n\t\t\t\t\t\t\t\t\t\t\t\t\t\t\t\t\t<h4>YOUTUBE<\/h4>\n\t\t\t\t\t\t\t\t\t\t\t\t\t\t\t\t\t\t\t\t\t\t\t\t\t\t<div class=\"bar\" data-percent=\"87\">\n\t\t\t\t\t\t\t\t\t\t\t<div class=\"progress\"><\/div> <!-- .progress -->\n\t\t\t\t\t\t\t\t\t\t<\/div> <!-- .bar -->\n\t\t\t\t\t\t\t\t\t\t\t\t\t\t\t<\/div> <!-- .skill-unit -->\n\t\t\t\t\t\t\t<\/div>\n\t\t\t\t<\/div>\n\t\t\t\t<div class=\"elementor-element elementor-element-3df3b39b elementor-widget elementor-widget-wp-widget-pixelwars_core_widget__progress_bar\" data-id=\"3df3b39b\" data-element_type=\"widget\" data-widget_type=\"wp-widget-pixelwars_core_widget__progress_bar.default\">\n\t\t\t\t<div class=\"elementor-widget-container\">\n\t\t\t\t\t\t\t\t\t<div class=\"skill-unit\">\n\t\t\t\t\t\t\t\t\t\t\t\t\t\t\t\t\t<h4>CR\u00c9ATION DE SITE WEB<\/h4>\n\t\t\t\t\t\t\t\t\t\t\t\t\t\t\t\t\t\t\t\t\t\t\t\t\t\t<div class=\"bar\" data-percent=\"87\">\n\t\t\t\t\t\t\t\t\t\t\t<div class=\"progress\"><\/div> <!-- .progress -->\n\t\t\t\t\t\t\t\t\t\t<\/div> <!-- .bar -->\n\t\t\t\t\t\t\t\t\t\t\t\t\t\t\t<\/div> <!-- .skill-unit -->\n\t\t\t\t\t\t\t<\/div>\n\t\t\t\t<\/div>\n\t\t\t\t<div class=\"elementor-element elementor-element-5216742e elementor-widget elementor-widget-wp-widget-pixelwars_core_widget__section_title\" data-id=\"5216742e\" data-element_type=\"widget\" data-widget_type=\"wp-widget-pixelwars_core_widget__section_title.default\">\n\t\t\t\t<div class=\"elementor-widget-container\">\n\t\t\t\t\t\t\t\t\t<div class=\"section-title center\">    \n\t\t\t\t\t\t\t<h2>\n\t\t\t\t\t\t\t\t<i>Data Science Skills<\/i>\n\t\t\t\t\t\t\t<\/h2>\n\t\t\t\t\t\t<\/div> <!-- .section-title -->\n\t\t\t\t\t\t\t<\/div>\n\t\t\t\t<\/div>\n\t\t\t\t<div class=\"elementor-element elementor-element-2e53a56a elementor-widget elementor-widget-wp-widget-pixelwars_core_widget__progress_bar\" data-id=\"2e53a56a\" data-element_type=\"widget\" data-widget_type=\"wp-widget-pixelwars_core_widget__progress_bar.default\">\n\t\t\t\t<div class=\"elementor-widget-container\">\n\t\t\t\t\t\t\t\t\t<div class=\"skill-unit\">\n\t\t\t\t\t\t\t\t\t\t\t\t\t\t\t\t\t<h4>Data Visualization<\/h4>\n\t\t\t\t\t\t\t\t\t\t\t\t\t\t\t\t\t\t\t\t\t\t\t\t\t\t<div class=\"bar\" data-percent=\"90\">\n\t\t\t\t\t\t\t\t\t\t\t<div class=\"progress\"><\/div> <!-- .progress -->\n\t\t\t\t\t\t\t\t\t\t<\/div> <!-- .bar -->\n\t\t\t\t\t\t\t\t\t\t\t\t\t\t\t<\/div> <!-- .skill-unit -->\n\t\t\t\t\t\t\t<\/div>\n\t\t\t\t<\/div>\n\t\t\t\t<div class=\"elementor-element elementor-element-1af72dc7 elementor-widget elementor-widget-wp-widget-pixelwars_core_widget__progress_bar\" data-id=\"1af72dc7\" data-element_type=\"widget\" data-widget_type=\"wp-widget-pixelwars_core_widget__progress_bar.default\">\n\t\t\t\t<div class=\"elementor-widget-container\">\n\t\t\t\t\t\t\t\t\t<div class=\"skill-unit\">\n\t\t\t\t\t\t\t\t\t\t\t\t\t\t\t\t\t<h4>python<\/h4>\n\t\t\t\t\t\t\t\t\t\t\t\t\t\t\t\t\t\t\t\t\t\t\t\t\t\t<div class=\"bar\" data-percent=\"80\">\n\t\t\t\t\t\t\t\t\t\t\t<div class=\"progress\"><\/div> <!-- .progress -->\n\t\t\t\t\t\t\t\t\t\t<\/div> <!-- .bar -->\n\t\t\t\t\t\t\t\t\t\t\t\t\t\t\t<\/div> <!-- .skill-unit -->\n\t\t\t\t\t\t\t<\/div>\n\t\t\t\t<\/div>\n\t\t\t\t<div class=\"elementor-element elementor-element-34241b1f elementor-widget elementor-widget-wp-widget-pixelwars_core_widget__progress_bar\" data-id=\"34241b1f\" data-element_type=\"widget\" data-widget_type=\"wp-widget-pixelwars_core_widget__progress_bar.default\">\n\t\t\t\t<div class=\"elementor-widget-container\">\n\t\t\t\t\t\t\t\t\t<div class=\"skill-unit\">\n\t\t\t\t\t\t\t\t\t\t\t\t\t\t\t\t\t<h4>Statistique<\/h4>\n\t\t\t\t\t\t\t\t\t\t\t\t\t\t\t\t\t\t\t\t\t\t\t\t\t\t<div class=\"bar\" data-percent=\"70\">\n\t\t\t\t\t\t\t\t\t\t\t<div class=\"progress\"><\/div> <!-- .progress -->\n\t\t\t\t\t\t\t\t\t\t<\/div> <!-- .bar -->\n\t\t\t\t\t\t\t\t\t\t\t\t\t\t\t<\/div> <!-- .skill-unit -->\n\t\t\t\t\t\t\t<\/div>\n\t\t\t\t<\/div>\n\t\t\t\t<div class=\"elementor-element elementor-element-52a7b8b0 elementor-widget elementor-widget-wp-widget-pixelwars_core_widget__progress_bar\" data-id=\"52a7b8b0\" data-element_type=\"widget\" data-widget_type=\"wp-widget-pixelwars_core_widget__progress_bar.default\">\n\t\t\t\t<div class=\"elementor-widget-container\">\n\t\t\t\t\t\t\t\t\t<div class=\"skill-unit\">\n\t\t\t\t\t\t\t\t\t\t\t\t\t\t\t\t\t<h4>Machine Learning<\/h4>\n\t\t\t\t\t\t\t\t\t\t\t\t\t\t\t\t\t\t\t\t\t\t\t\t\t\t<div class=\"bar\" data-percent=\"75\">\n\t\t\t\t\t\t\t\t\t\t\t<div class=\"progress\"><\/div> <!-- .progress -->\n\t\t\t\t\t\t\t\t\t\t<\/div> <!-- .bar -->\n\t\t\t\t\t\t\t\t\t\t\t\t\t\t\t<\/div> <!-- .skill-unit -->\n\t\t\t\t\t\t\t<\/div>\n\t\t\t\t<\/div>\n\t\t\t\t<div class=\"elementor-element elementor-element-a8d851e elementor-widget elementor-widget-wp-widget-pixelwars_core_widget__section_title\" data-id=\"a8d851e\" data-element_type=\"widget\" data-widget_type=\"wp-widget-pixelwars_core_widget__section_title.default\">\n\t\t\t\t<div class=\"elementor-widget-container\">\n\t\t\t\t\t\t\t\t\t<div class=\"section-title center\">    \n\t\t\t\t\t\t\t<h2>\n\t\t\t\t\t\t\t\t<i>Core Skills<\/i>\n\t\t\t\t\t\t\t<\/h2>\n\t\t\t\t\t\t<\/div> <!-- .section-title -->\n\t\t\t\t\t\t\t<\/div>\n\t\t\t\t<\/div>\n\t\t\t\t<div class=\"elementor-element elementor-element-334b9df elementor-widget elementor-widget-wp-widget-pixelwars_core_widget__progress_bar\" data-id=\"334b9df\" data-element_type=\"widget\" data-widget_type=\"wp-widget-pixelwars_core_widget__progress_bar.default\">\n\t\t\t\t<div class=\"elementor-widget-container\">\n\t\t\t\t\t\t\t\t\t<div class=\"skill-unit\">\n\t\t\t\t\t\t\t\t\t\t\t\t\t\t\t\t\t<h4>Storytelling<\/h4>\n\t\t\t\t\t\t\t\t\t\t\t\t\t\t\t\t\t\t\t\t\t\t\t\t\t\t<div class=\"bar\" data-percent=\"85\">\n\t\t\t\t\t\t\t\t\t\t\t<div class=\"progress\"><\/div> <!-- .progress -->\n\t\t\t\t\t\t\t\t\t\t<\/div> <!-- .bar -->\n\t\t\t\t\t\t\t\t\t\t\t\t\t\t\t<\/div> <!-- .skill-unit -->\n\t\t\t\t\t\t\t<\/div>\n\t\t\t\t<\/div>\n\t\t\t\t<div class=\"elementor-element elementor-element-7f2f202 elementor-widget elementor-widget-wp-widget-pixelwars_core_widget__progress_bar\" data-id=\"7f2f202\" data-element_type=\"widget\" data-widget_type=\"wp-widget-pixelwars_core_widget__progress_bar.default\">\n\t\t\t\t<div class=\"elementor-widget-container\">\n\t\t\t\t\t\t\t\t\t<div class=\"skill-unit\">\n\t\t\t\t\t\t\t\t\t\t\t\t\t\t\t\t\t<h4>Copywriting<\/h4>\n\t\t\t\t\t\t\t\t\t\t\t\t\t\t\t\t\t\t\t\t\t\t\t\t\t\t<div class=\"bar\" data-percent=\"78\">\n\t\t\t\t\t\t\t\t\t\t\t<div class=\"progress\"><\/div> <!-- .progress -->\n\t\t\t\t\t\t\t\t\t\t<\/div> <!-- .bar -->\n\t\t\t\t\t\t\t\t\t\t\t\t\t\t\t<\/div> <!-- .skill-unit -->\n\t\t\t\t\t\t\t<\/div>\n\t\t\t\t<\/div>\n\t\t\t\t<div class=\"elementor-element elementor-element-b33c705 elementor-widget elementor-widget-wp-widget-pixelwars_core_widget__progress_bar\" data-id=\"b33c705\" data-element_type=\"widget\" data-widget_type=\"wp-widget-pixelwars_core_widget__progress_bar.default\">\n\t\t\t\t<div class=\"elementor-widget-container\">\n\t\t\t\t\t\t\t\t\t<div class=\"skill-unit\">\n\t\t\t\t\t\t\t\t\t\t\t\t\t\t\t\t\t<h4>Communication<\/h4>\n\t\t\t\t\t\t\t\t\t\t\t\t\t\t\t\t\t\t\t\t\t\t\t\t\t\t<div class=\"bar\" data-percent=\"87\">\n\t\t\t\t\t\t\t\t\t\t\t<div class=\"progress\"><\/div> <!-- .progress -->\n\t\t\t\t\t\t\t\t\t\t<\/div> <!-- .bar -->\n\t\t\t\t\t\t\t\t\t\t\t\t\t\t\t<\/div> <!-- .skill-unit -->\n\t\t\t\t\t\t\t<\/div>\n\t\t\t\t<\/div>\n\t\t\t\t<div class=\"elementor-element elementor-element-aa4bdca elementor-widget elementor-widget-wp-widget-pixelwars_core_widget__progress_bar\" data-id=\"aa4bdca\" data-element_type=\"widget\" data-widget_type=\"wp-widget-pixelwars_core_widget__progress_bar.default\">\n\t\t\t\t<div class=\"elementor-widget-container\">\n\t\t\t\t\t\t\t\t\t<div class=\"skill-unit\">\n\t\t\t\t\t\t\t\t\t\t\t\t\t\t\t\t\t<h4>Management<\/h4>\n\t\t\t\t\t\t\t\t\t\t\t\t\t\t\t\t\t\t\t\t\t\t\t\t\t\t<div class=\"bar\" data-percent=\"79\">\n\t\t\t\t\t\t\t\t\t\t\t<div class=\"progress\"><\/div> <!-- .progress -->\n\t\t\t\t\t\t\t\t\t\t<\/div> <!-- .bar -->\n\t\t\t\t\t\t\t\t\t\t\t\t\t\t\t<\/div> <!-- .skill-unit -->\n\t\t\t\t\t\t\t<\/div>\n\t\t\t\t<\/div>\n\t\t\t\t<div class=\"elementor-element elementor-element-fa4b0cd elementor-widget elementor-widget-wp-widget-pixelwars_core_widget__progress_bar\" data-id=\"fa4b0cd\" data-element_type=\"widget\" data-widget_type=\"wp-widget-pixelwars_core_widget__progress_bar.default\">\n\t\t\t\t<div class=\"elementor-widget-container\">\n\t\t\t\t\t\t\t\t\t<div class=\"skill-unit\">\n\t\t\t\t\t\t\t\t\t\t\t\t\t\t\t\t\t<h4>Critical thinking<\/h4>\n\t\t\t\t\t\t\t\t\t\t\t\t\t\t\t\t\t\t\t\t\t\t\t\t\t\t<div class=\"bar\" data-percent=\"81\">\n\t\t\t\t\t\t\t\t\t\t\t<div class=\"progress\"><\/div> <!-- .progress -->\n\t\t\t\t\t\t\t\t\t\t<\/div> <!-- .bar -->\n\t\t\t\t\t\t\t\t\t\t\t\t\t\t\t<\/div> <!-- .skill-unit -->\n\t\t\t\t\t\t\t<\/div>\n\t\t\t\t<\/div>\n\t\t\t\t<div class=\"elementor-element elementor-element-07cba46 elementor-widget elementor-widget-wp-widget-pixelwars_core_widget__progress_bar\" data-id=\"07cba46\" data-element_type=\"widget\" data-widget_type=\"wp-widget-pixelwars_core_widget__progress_bar.default\">\n\t\t\t\t<div class=\"elementor-widget-container\">\n\t\t\t\t\t\t\t\t\t<div class=\"skill-unit\">\n\t\t\t\t\t\t\t\t\t\t\t\t\t\t\t\t\t<h4>emotional intelligence<\/h4>\n\t\t\t\t\t\t\t\t\t\t\t\t\t\t\t\t\t\t\t\t\t\t\t\t\t\t<div class=\"bar\" data-percent=\"85\">\n\t\t\t\t\t\t\t\t\t\t\t<div class=\"progress\"><\/div> <!-- .progress -->\n\t\t\t\t\t\t\t\t\t\t<\/div> <!-- .bar -->\n\t\t\t\t\t\t\t\t\t\t\t\t\t\t\t<\/div> <!-- .skill-unit -->\n\t\t\t\t\t\t\t<\/div>\n\t\t\t\t<\/div>\n\t\t\t\t<div class=\"elementor-element elementor-element-abe9639 elementor-widget elementor-widget-wp-widget-pixelwars_core_widget__progress_bar\" data-id=\"abe9639\" data-element_type=\"widget\" data-widget_type=\"wp-widget-pixelwars_core_widget__progress_bar.default\">\n\t\t\t\t<div class=\"elementor-widget-container\">\n\t\t\t\t\t\t\t\t\t<div class=\"skill-unit\">\n\t\t\t\t\t\t\t\t\t\t\t\t\t\t\t\t\t<h4>Time management<\/h4>\n\t\t\t\t\t\t\t\t\t\t\t\t\t\t\t\t\t\t\t\t\t\t\t\t\t\t<div class=\"bar\" data-percent=\"90\">\n\t\t\t\t\t\t\t\t\t\t\t<div class=\"progress\"><\/div> <!-- .progress -->\n\t\t\t\t\t\t\t\t\t\t<\/div> <!-- .bar -->\n\t\t\t\t\t\t\t\t\t\t\t\t\t\t\t<\/div> <!-- .skill-unit -->\n\t\t\t\t\t\t\t<\/div>\n\t\t\t\t<\/div>\n\t\t\t\t<div class=\"elementor-element elementor-element-2ff1a80 elementor-widget elementor-widget-wp-widget-pixelwars_core_widget__progress_bar\" data-id=\"2ff1a80\" data-element_type=\"widget\" data-widget_type=\"wp-widget-pixelwars_core_widget__progress_bar.default\">\n\t\t\t\t<div class=\"elementor-widget-container\">\n\t\t\t\t\t\t\t\t\t<div class=\"skill-unit\">\n\t\t\t\t\t\t\t\t\t\t\t\t\t\t\t\t\t<h4>Continuous Learning<\/h4>\n\t\t\t\t\t\t\t\t\t\t\t\t\t\t\t\t\t\t\t\t\t\t\t\t\t\t<div class=\"bar\" data-percent=\"99\">\n\t\t\t\t\t\t\t\t\t\t\t<div class=\"progress\"><\/div> <!-- .progress -->\n\t\t\t\t\t\t\t\t\t\t<\/div> <!-- .bar -->\n\t\t\t\t\t\t\t\t\t\t\t\t\t\t\t<\/div> <!-- .skill-unit -->\n\t\t\t\t\t\t\t<\/div>\n\t\t\t\t<\/div>\n\t\t\t\t<div class=\"elementor-element elementor-element-735fd3e1 elementor-widget elementor-widget-wp-widget-pixelwars_core_widget__section_title\" data-id=\"735fd3e1\" data-element_type=\"widget\" data-widget_type=\"wp-widget-pixelwars_core_widget__section_title.default\">\n\t\t\t\t<div class=\"elementor-widget-container\">\n\t\t\t\t\t\t\t\t\t<div class=\"section-title center\">    \n\t\t\t\t\t\t\t<h2>\n\t\t\t\t\t\t\t\t<i>Testimonials<\/i>\n\t\t\t\t\t\t\t<\/h2>\n\t\t\t\t\t\t<\/div> <!-- .section-title -->\n\t\t\t\t\t\t\t<\/div>\n\t\t\t\t<\/div>\n\t\t\t\t<div class=\"elementor-element elementor-element-21d8d478 elementor-widget elementor-widget-wp-widget-pixelwars_core_widget__testimonial\" data-id=\"21d8d478\" data-element_type=\"widget\" data-widget_type=\"wp-widget-pixelwars_core_widget__testimonial.default\">\n\t\t\t\t<div class=\"elementor-widget-container\">\n\t\t\t\t\t\t\t\t\t<div class=\"testo\">\n\t\t\t\t\t\t\t\t\t\t\t\t\t\t\t\t\t\t\t\t\t\t\t\t<h4>S.E.M Salissou ADA<\/h4>\n\t\t\t\t\t\t\t\t\t\t\t\t\t\t\t\t\t\t\t\t\t\t\t\t\t\t<h5>Ambassadeur du Niger au Maroc<\/h5>\n\t\t\t\t\t\t\t\t\t\t\t\t\t\t\t\t\t\t\t\t\t\t\t\t\t\t<p>Gr\u00e2ce \u00e0 Aminou, notre ambassade \u00e0 enfin un Site Web Vitrine. De cette mani\u00e8re, nous avons plus de facilit\u00e9 \u00e0 communiquer avec les ressortissants nig\u00e9riens au Maroc et ailleurs.\r\nMerci Aminou !<\/p>\n\t\t\t\t\t\t\t\t\t\t\t\t\t\t\t<\/div> <!-- .testo -->\n\t\t\t\t\t\t\t<\/div>\n\t\t\t\t<\/div>\n\t\t\t\t<div class=\"elementor-element elementor-element-5faa4175 elementor-widget elementor-widget-wp-widget-pixelwars_core_widget__testimonial\" data-id=\"5faa4175\" data-element_type=\"widget\" data-widget_type=\"wp-widget-pixelwars_core_widget__testimonial.default\">\n\t\t\t\t<div class=\"elementor-widget-container\">\n\t\t\t\t\t\t\t\t\t<div class=\"testo\">\n\t\t\t\t\t\t\t\t\t\t\t\t\t\t\t\t\t\t\t\t\t\t\t\t<h4>IDRISS LAOUALI<\/h4>\n\t\t\t\t\t\t\t\t\t\t\t\t\t\t\t\t\t\t\t\t\t\t\t\t\t\t<h5>FONDATEUR KPB EDUCATION<\/h5>\n\t\t\t\t\t\t\t\t\t\t\t\t\t\t\t\t\t\t\t\t\t\t\t\t\t\t<p>Nous avons commenc\u00e9 le projet en \u00e9tant un petit groupe, nous le sommes toujours.\r\nGr\u00e2ce \u00e0 l'adaptabilit\u00e9 dont Aminou a fait preuve, nous avons plus de 30.000 en cumul d'abonn\u00e9es sur les r\u00e9seaux sociaux, ce qui facilite notre marketing. <\/p>\n\t\t\t\t\t\t\t\t\t\t\t\t\t\t\t<\/div> <!-- .testo -->\n\t\t\t\t\t\t\t<\/div>\n\t\t\t\t<\/div>\n\t\t\t\t<div class=\"elementor-element elementor-element-122990a7 elementor-widget elementor-widget-wp-widget-pixelwars_core_widget__testimonial\" data-id=\"122990a7\" data-element_type=\"widget\" data-widget_type=\"wp-widget-pixelwars_core_widget__testimonial.default\">\n\t\t\t\t<div class=\"elementor-widget-container\">\n\t\t\t\t\t\t\t\t\t<div class=\"testo\">\n\t\t\t\t\t\t\t\t\t\t\t\t\t\t\t\t\t\t\t\t\t\t\t\t<h4>Cath\u00e9rine Laski<\/h4>\n\t\t\t\t\t\t\t\t\t\t\t\t\t\t\t\t\t\t\t\t\t\t\t\t\t\t<h5>Ceo - Black Beauty CElebrities<\/h5>\n\t\t\t\t\t\t\t\t\t\t\t\t\t\t\t\t\t\t\t\t\t\t\t\t\t\t<p>Avec Salimatou, ils ont pu me cr\u00e9er un excellent site web pour mon magazine. <\/p>\n\t\t\t\t\t\t\t\t\t\t\t\t\t\t\t<\/div> <!-- .testo -->\n\t\t\t\t\t\t\t<\/div>\n\t\t\t\t<\/div>\n\t\t\t\t\t<\/div>\n\t\t<\/div>\n\t\t\t\t\t\t\t<\/div>\n\t\t<\/section>\n\t\t\t\t\t\t\t<\/div>\n\t\t","protected":false},"excerpt":{"rendered":"","protected":false},"author":1,"featured_media":0,"parent":0,"menu_order":0,"comment_status":"closed","ping_status":"closed","template":"","meta":{"inline_featured_image":false},"aioseo_notices":[],"_links":{"self":[{"href":"https:\/\/cv.aminoulaouali.com\/index.php\/wp-json\/wp\/v2\/pages\/25"}],"collection":[{"href":"https:\/\/cv.aminoulaouali.com\/index.php\/wp-json\/wp\/v2\/pages"}],"about":[{"href":"https:\/\/cv.aminoulaouali.com\/index.php\/wp-json\/wp\/v2\/types\/page"}],"author":[{"embeddable":true,"href":"https:\/\/cv.aminoulaouali.com\/index.php\/wp-json\/wp\/v2\/users\/1"}],"replies":[{"embeddable":true,"href":"https:\/\/cv.aminoulaouali.com\/index.php\/wp-json\/wp\/v2\/comments?post=25"}],"version-history":[{"count":11,"href":"https:\/\/cv.aminoulaouali.com\/index.php\/wp-json\/wp\/v2\/pages\/25\/revisions"}],"predecessor-version":[{"id":1248,"href":"https:\/\/cv.aminoulaouali.com\/index.php\/wp-json\/wp\/v2\/pages\/25\/revisions\/1248"}],"wp:attachment":[{"href":"https:\/\/cv.aminoulaouali.com\/index.php\/wp-json\/wp\/v2\/media?parent=25"}],"curies":[{"name":"wp","href":"https:\/\/api.w.org\/{rel}","templated":true}]}}